{"id":9,"date":"2017-03-13T15:44:53","date_gmt":"2017-03-13T18:44:53","guid":{"rendered":"http:\/\/rodrigodiniz.net\/projetos\/tecpolpa\/?page_id=9"},"modified":"2017-05-09T15:42:21","modified_gmt":"2017-05-09T18:42:21","slug":"linhas-de-sucos","status":"publish","type":"page","link":"https:\/\/tecpolpa.com.br\/es\/linhas-de-sucos\/","title":{"rendered":"L\u00ednea de jugos"},"content":{"rendered":"<p>Tecpolpa elabora su propia l\u00ednea de jugos, distribuidos en todo Brasil, a supermercados y redes de distribuci\u00f3n mayorista.<\/p>","protected":false},"excerpt":{"rendered":"<p>Tecpolpa elabora su propia l\u00ednea de jugos, distribuidos en todo Brasil, a supermercados y redes de distribuci\u00f3n mayorista.<\/p>\n","protected":false},"author":1,"featured_media":0,"parent":0,"menu_order":0,"comment_status":"closed","ping_status":"closed","template":"template-linhas.php","meta":{"footnotes":""},"class_list":["post-9","page","type-page","status-publish","hentry"],"aioseo_notices":[],"_links":{"self":[{"href":"https:\/\/tecpolpa.com.br\/es\/wp-json\/wp\/v2\/pages\/9","targetHints":{"allow":["GET"]}}],"collection":[{"href":"https:\/\/tecpolpa.com.br\/es\/wp-json\/wp\/v2\/pages"}],"about":[{"href":"https:\/\/tecpolpa.com.br\/es\/wp-json\/wp\/v2\/types\/page"}],"author":[{"embeddable":true,"href":"https:\/\/tecpolpa.com.br\/es\/wp-json\/wp\/v2\/users\/1"}],"replies":[{"embeddable":true,"href":"https:\/\/tecpolpa.com.br\/es\/wp-json\/wp\/v2\/comments?post=9"}],"version-history":[{"count":6,"href":"https:\/\/tecpolpa.com.br\/es\/wp-json\/wp\/v2\/pages\/9\/revisions"}],"predecessor-version":[{"id":35,"href":"https:\/\/tecpolpa.com.br\/es\/wp-json\/wp\/v2\/pages\/9\/revisions\/35"}],"wp:attachment":[{"href":"https:\/\/tecpolpa.com.br\/es\/wp-json\/wp\/v2\/media?parent=9"}],"curies":[{"name":"wp","href":"https:\/\/api.w.org\/{rel}","templated":true}]}}