{"id":7,"date":"2017-03-13T15:17:21","date_gmt":"2017-03-13T18:17:21","guid":{"rendered":"http:\/\/rodrigodiniz.net\/projetos\/tecpolpa\/?page_id=7"},"modified":"2017-05-09T15:32:11","modified_gmt":"2017-05-09T18:32:11","slug":"fabricacao-e-envase","status":"publish","type":"page","link":"https:\/\/tecpolpa.com.br\/es\/fabricacao-e-envase\/","title":{"rendered":"Fabricaci\u00f3n y envases"},"content":{"rendered":"<p>Por medio de un moderno y automatizado sistema productivo, Tecpolpa posee una capacidad de producci\u00f3n de 10.000.00 unidades\/mes, con la elaboraci\u00f3n de jugos y bebidas en embalajes de cartones as\u00e9pticos de 200,330 y 1000 ml.<\/p>\n<p>Importantes empresas conf\u00edan y entregan sus bebidas a Tecpolpa para su envasado, conociendo la capacidad t\u00e9cnica y por sus modernas instalaciones.<\/p>\n<p>Centrado en la mejora continua de sus procesos, Tecpolpa mantiene grupos de entrenamiento en gesti\u00f3n y de buenas pr\u00e1cticas de elaboraci\u00f3n, motivados en la b\u00fasqueda constante de alimentos seguros y de alta calidad.<\/p>\n<p>Disponemos de un equipo especializado de t\u00e9cnicos, para los controles productivos y de seguridad para entregas en tiempo y acordes a los pedidos.<\/p>\n<p>Un equipo multidisciplinario est\u00e1 centrado en temas relacionados a seguridad alimenticia, mejorando d\u00eda a d\u00eda los controles de higiene, desde el ingreso de los ingredientes hasta la entrega de los productos acabados.<\/p>\n<p>Con inversiones constantes para mejorar los procesos va incorporando nuevas tecnolog\u00edas. Tecpolpa posee tambi\u00e9n un eficaz laboratorio para el an\u00e1lisis f\u00edsico qu\u00edmico y microbiol\u00f3gico.<\/p>\n<p>Tecpolpa tiene como compromiso producir alimentos y bebidas, con calidad garantizada, esmer\u00e1ndose en todos los procesos productivos, buscando la excelencia y calidades que nuestros exigentes consumidores solicitan.<\/p>","protected":false},"excerpt":{"rendered":"<p>Por medio de un moderno y automatizado sistema productivo, Tecpolpa posee una capacidad de producci\u00f3n de 10.000.00 unidades\/mes, con la elaboraci\u00f3n de jugos y bebidas en embalajes de cartones as\u00e9pticos de 200,330 y 1000 ml. Importantes empresas conf\u00edan y entregan sus bebidas a Tecpolpa para su envasado, conociendo la capacidad t\u00e9cnica y por sus modernas [&hellip;]<\/p>\n","protected":false},"author":1,"featured_media":0,"parent":0,"menu_order":0,"comment_status":"closed","ping_status":"closed","template":"template-fabricacao.php","meta":{"footnotes":""},"class_list":["post-7","page","type-page","status-publish","hentry"],"aioseo_notices":[],"_links":{"self":[{"href":"https:\/\/tecpolpa.com.br\/es\/wp-json\/wp\/v2\/pages\/7","targetHints":{"allow":["GET"]}}],"collection":[{"href":"https:\/\/tecpolpa.com.br\/es\/wp-json\/wp\/v2\/pages"}],"about":[{"href":"https:\/\/tecpolpa.com.br\/es\/wp-json\/wp\/v2\/types\/page"}],"author":[{"embeddable":true,"href":"https:\/\/tecpolpa.com.br\/es\/wp-json\/wp\/v2\/users\/1"}],"replies":[{"embeddable":true,"href":"https:\/\/tecpolpa.com.br\/es\/wp-json\/wp\/v2\/comments?post=7"}],"version-history":[{"count":5,"href":"https:\/\/tecpolpa.com.br\/es\/wp-json\/wp\/v2\/pages\/7\/revisions"}],"predecessor-version":[{"id":32,"href":"https:\/\/tecpolpa.com.br\/es\/wp-json\/wp\/v2\/pages\/7\/revisions\/32"}],"wp:attachment":[{"href":"https:\/\/tecpolpa.com.br\/es\/wp-json\/wp\/v2\/media?parent=7"}],"curies":[{"name":"wp","href":"https:\/\/api.w.org\/{rel}","templated":true}]}}