{"id":5,"date":"2017-03-13T10:20:02","date_gmt":"2017-03-13T13:20:02","guid":{"rendered":"http:\/\/rodrigodiniz.net\/projetos\/tecpolpa\/?page_id=5"},"modified":"2024-12-17T10:37:32","modified_gmt":"2024-12-17T13:37:32","slug":"empresa","status":"publish","type":"page","link":"https:\/\/tecpolpa.com.br\/es\/empresa\/","title":{"rendered":"Tecpolpa Industria y Comercio"},"content":{"rendered":"<p>Tecpolpa Industria y Comercio, es una empresa especializada en el envasado y elaboraci\u00f3n de jugos envasados en cartones as\u00e9pticos de 200 ml, 330 ml y en 1000 ml.<\/p>\n<p>Localizada en Dobrada, ciudad del interior de S\u00e3o Paulo, en un lugar geogr\u00e1fico privilegiado y estrat\u00e9gico, de f\u00e1cil acceso y muy cerca de las regiones productoras de las principales frutas procesadas.<\/p>\n<p>A trav\u00e9s de su moderno y automatizado sistema productivo, Tecpolpa posee la capacidad de producci\u00f3n de 10.000.000 de unidades\/mes, proveyendo a empresas de todo el Brasil, en sus tres modalidades:<\/p>\n<ul>\n<li>Marcas de terceros;<\/li>\n<li>Marcas propias;<\/li>\n<li>Marcas nacionales.<\/li>\n<\/ul>\n<p>Las mayores ventas son tercerizadas o Co-packer, elaborando y embalando jugos de frutas tropicales, agua de coco, bebidas funcionales, te y bebidas con base de cereales.<\/p>\n<p>Importantes empresas conf\u00edan y entregan sus bebidas a Tecpolpa para su envasado, conociendo la capacidad t\u00e9cnica adem\u00e1s por sus modernas instalaciones<\/p>\n<p>Tecpolpa tambi\u00e9n fabrica su propio jugo, distribuy\u00e9ndolo en todo el Brasil.<\/p>\n<p>Poseemos certificaciones APPCC &#8211; An\u00e1lisis de Peligros y Puntos Cr\u00edticos, FSSC (en plena implantaci\u00f3n) y el IBD Org\u00e1nico Brasil.<\/p>","protected":false},"excerpt":{"rendered":"<p>Tecpolpa Industria y Comercio, es una empresa especializada en el envasado y elaboraci\u00f3n de jugos envasados en cartones as\u00e9pticos de 200 ml, 330 ml y en 1000 ml. Localizada en Dobrada, ciudad del interior de S\u00e3o Paulo, en un lugar geogr\u00e1fico privilegiado y estrat\u00e9gico, de f\u00e1cil acceso y muy cerca de las regiones productoras de [&hellip;]<\/p>\n","protected":false},"author":1,"featured_media":0,"parent":0,"menu_order":0,"comment_status":"closed","ping_status":"closed","template":"template-empresa.php","meta":{"footnotes":""},"class_list":["post-5","page","type-page","status-publish","hentry"],"aioseo_notices":[],"_links":{"self":[{"href":"https:\/\/tecpolpa.com.br\/es\/wp-json\/wp\/v2\/pages\/5","targetHints":{"allow":["GET"]}}],"collection":[{"href":"https:\/\/tecpolpa.com.br\/es\/wp-json\/wp\/v2\/pages"}],"about":[{"href":"https:\/\/tecpolpa.com.br\/es\/wp-json\/wp\/v2\/types\/page"}],"author":[{"embeddable":true,"href":"https:\/\/tecpolpa.com.br\/es\/wp-json\/wp\/v2\/users\/1"}],"replies":[{"embeddable":true,"href":"https:\/\/tecpolpa.com.br\/es\/wp-json\/wp\/v2\/comments?post=5"}],"version-history":[{"count":10,"href":"https:\/\/tecpolpa.com.br\/es\/wp-json\/wp\/v2\/pages\/5\/revisions"}],"predecessor-version":[{"id":110,"href":"https:\/\/tecpolpa.com.br\/es\/wp-json\/wp\/v2\/pages\/5\/revisions\/110"}],"wp:attachment":[{"href":"https:\/\/tecpolpa.com.br\/es\/wp-json\/wp\/v2\/media?parent=5"}],"curies":[{"name":"wp","href":"https:\/\/api.w.org\/{rel}","templated":true}]}}